{"id":568,"date":"2023-10-06T20:39:49","date_gmt":"2023-10-06T18:39:49","guid":{"rendered":"https:\/\/picotbigouden.com\/?page_id=568"},"modified":"2024-01-09T11:51:46","modified_gmt":"2024-01-09T10:51:46","slug":"intermediaire","status":"publish","type":"page","link":"https:\/\/picotbigouden.com\/index.php\/intermediaire\/","title":{"rendered":"Interm\u00e9diaire"},"content":{"rendered":"\n<div class=\"wp-block-columns is-layout-flex wp-container-core-columns-is-layout-28f84493 wp-block-columns-is-layout-flex\">\n<div class=\"wp-block-column is-layout-flow wp-block-column-is-layout-flow\" style=\"flex-basis:33.33%\"><\/div>\n<\/div>\n\n\n\n<div class=\"wp-block-columns is-layout-flex wp-container-core-columns-is-layout-28f84493 wp-block-columns-is-layout-flex\">\n<div class=\"wp-block-column is-layout-flow wp-block-column-is-layout-flow\" style=\"flex-basis:33.33%\">\n<p> <figure class=\"wp-block-image size-large\"><img data-recalc-dims=\"1\" loading=\"lazy\" decoding=\"async\" width=\"960\" height=\"983\" class=\"wp-image-414\" src=\"https:\/\/i0.wp.com\/picotbigouden.com\/wp-content\/uploads\/2023\/09\/Myosotis-Grande.jpeg?resize=960%2C983\" alt=\"\" srcset=\"https:\/\/i0.wp.com\/picotbigouden.com\/wp-content\/uploads\/2023\/09\/Myosotis-Grande.jpeg?resize=1000%2C1024&amp;ssl=1 1000w, https:\/\/i0.wp.com\/picotbigouden.com\/wp-content\/uploads\/2023\/09\/Myosotis-Grande.jpeg?resize=293%2C300&amp;ssl=1 293w, https:\/\/i0.wp.com\/picotbigouden.com\/wp-content\/uploads\/2023\/09\/Myosotis-Grande.jpeg?resize=768%2C786&amp;ssl=1 768w, https:\/\/i0.wp.com\/picotbigouden.com\/wp-content\/uploads\/2023\/09\/Myosotis-Grande.jpeg?resize=1140%2C1167&amp;ssl=1 1140w, https:\/\/i0.wp.com\/picotbigouden.com\/wp-content\/uploads\/2023\/09\/Myosotis-Grande.jpeg?resize=300%2C307&amp;ssl=1 300w, https:\/\/i0.wp.com\/picotbigouden.com\/wp-content\/uploads\/2023\/09\/Myosotis-Grande.jpeg?resize=600%2C614&amp;ssl=1 600w, https:\/\/i0.wp.com\/picotbigouden.com\/wp-content\/uploads\/2023\/09\/Myosotis-Grande.jpeg?w=1250&amp;ssl=1 1250w\" sizes=\"auto, (max-width: 960px) 100vw, 960px\" \/><\/figure> <\/p>\n\n\n\n<p class=\"has-small-font-size\">Retrouver ce motif en page 29 de notre <a href=\"https:\/\/picotbigouden.com\/index.php\/livre-le-picot-bigouden\/\">Tome 2<\/a><\/p>\n<\/div>\n\n\n\n<div class=\"wp-block-column is-layout-flow wp-block-column-is-layout-flow\" style=\"flex-basis:66.66%\">\n<h2 class=\"wp-block-heading has-large-font-size\"><strong>Motif Myosotis<\/strong><\/h2>\n\n\n\n<p>Travailler 10 ou 12 rouets suivant arceaux du motif central.<br><strong>1<\/strong> &#8211; Petit rouet : 7 ml, fermer par 1 mc. Dans la boucle obtenue, faire 6 ml, 1 DB, *1 ml, 1 DB*. R\u00e9p\u00e9ter de * \u00e0 * 16 fois. 1 ml, 1 mc dans le 1<sup>er<\/sup> arceau, 1 ml, 2 ms dans chaque arceau, fermer par 1 mc. On obtient 36 ms.<br><strong>Accroche rouet et motif  central<\/strong><br><strong>2<\/strong> &#8211; 1 ml sur le crochet, piquer *1 mc sur la 1<sup>\u00e8re<\/sup> ms d&rsquo;un rouet, 1 ms sur 12 m (ba), 1ml<sup data-fn=\"2c987af7-3b47-4636-a9d3-0ddda66cc75b\" class=\"fn\"><a href=\"#2c987af7-3b47-4636-a9d3-0ddda66cc75b\" id=\"2c987af7-3b47-4636-a9d3-0ddda66cc75b-link\">1<\/a><\/sup>, 1 pb, 1 ml, 1 ms au milieu de l&rsquo;arceau du motif central, 1 ml, 1 pb, 1 ms sur 12 m, 3 ml, 1 mc sur un autre rouet*. R\u00e9p\u00e9ter de * \u00e0 * pour les autres accroches.<br><strong>3<\/strong> &#8211; Tour suivant : continuer avec *4 ms sur les 3 ml, 1 ms sur les 24 m restantes*. R\u00e9p\u00e9ter de * \u00e0 * 9 ou 11 fois suivant le nombre de rouets.<br><strong>4<\/strong> &#8211; Tour suivant : 10 ml, 1 DB piqu\u00e9e au pied des 4 ms. *6 ml, sauter 5 m, 1 DB*. R\u00e9p\u00e9ter de * \u00e0 * 3 fois pour obtenir 4 arceaux, 4 ml, 1 DB piqu\u00e9e au pied des 4 ms suivantes. R\u00e9p\u00e9ter ce travail sur tout le tour. Fermer par 1 mc piqu\u00e9e dans le 1er arceau de 10 ml.<\/p>\n<\/div>\n<\/div>\n\n\n\n<div class=\"wp-block-columns is-layout-flex wp-container-core-columns-is-layout-28f84493 wp-block-columns-is-layout-flex\">\n<div class=\"wp-block-column is-layout-flow wp-block-column-is-layout-flow\" style=\"flex-basis:33.33%\">\n<figure class=\"wp-block-image size-full\"><img data-recalc-dims=\"1\" loading=\"lazy\" decoding=\"async\" width=\"960\" height=\"1000\" src=\"https:\/\/i0.wp.com\/picotbigouden.com\/wp-content\/uploads\/2024\/01\/image.png?resize=960%2C1000&#038;ssl=1\" alt=\"\" class=\"wp-image-613\" srcset=\"https:\/\/i0.wp.com\/picotbigouden.com\/wp-content\/uploads\/2024\/01\/image.png?w=983&amp;ssl=1 983w, https:\/\/i0.wp.com\/picotbigouden.com\/wp-content\/uploads\/2024\/01\/image.png?resize=288%2C300&amp;ssl=1 288w, https:\/\/i0.wp.com\/picotbigouden.com\/wp-content\/uploads\/2024\/01\/image.png?resize=768%2C800&amp;ssl=1 768w, https:\/\/i0.wp.com\/picotbigouden.com\/wp-content\/uploads\/2024\/01\/image.png?resize=300%2C313&amp;ssl=1 300w, https:\/\/i0.wp.com\/picotbigouden.com\/wp-content\/uploads\/2024\/01\/image.png?resize=600%2C625&amp;ssl=1 600w\" sizes=\"auto, (max-width: 960px) 100vw, 960px\" \/><\/figure>\n\n\n\n<p class=\"has-small-font-size\">Retrouvez ce mod\u00e8le en page 8 de notre <a href=\"https:\/\/picotbigouden.com\/index.php\/livre-le-picot-bigouden\/\">Tome 2<\/a><\/p>\n<\/div>\n\n\n\n<div class=\"wp-block-column is-layout-flow wp-block-column-is-layout-flow\" style=\"flex-basis:66.66%\">\n<h2 class=\"wp-block-heading has-large-font-size\"><strong>Motif An\u00e9mone <\/strong><\/h2>\n\n\n\n<p>Faire 12 tours de fil sur le gabarit niveau 2. Fermer par 1 ms. 2 ml<br><strong>Tour 1<\/strong>&nbsp;: 24 Br dans cette boucle. Fermer par 1 mc<br><strong>Tour 2<\/strong>&nbsp;: 6 ml, sauter 1 m, 1 mc *5 ml sauter 1 m, 1 mc*. R\u00e9p\u00e9ter de * \u00e0 * 10 fois pour obtenir 12 arceaux. La mc du dernier arceau est piqu\u00e9e au pied du 1er arceau.<br><strong>Tour 3&nbsp;<\/strong>: Piquer dans le cordon, sortir 1 m, r\u00e9aliser 6 ms dans chaque arceau. Fermer par 1 mc.<br><strong>Tour 4<\/strong>&nbsp;: 1 ml, 1 ms sur chacune des ms du tour 3 (ba), fermer par 1 mc, 2 ml. Laisser le cordon en attente.<br><strong>Tour 5<\/strong>&nbsp;: 1 \u00e9pi (voir page Annexe du <a href=\"https:\/\/picotbigouden.com\/index.php\/livre-le-picot-bigouden\/\">Tome 2<\/a>), 6 ml, sauter 2 m. R\u00e9p\u00e9ter 1 \u00e9pi et 4 ml 23 fois pour en obtenir 24.<br>T<strong>our 6<\/strong>&nbsp;: Reprendre le cordon, 6 ms dans chaque arceau, fermer par 1 mc.<br><strong>Tour 7<\/strong>&nbsp;: 1 ms sur chacune des 6 ms du tour pr\u00e9c\u00e9dent (ba), fermer par 1 mc.<br><strong>Tour 8<\/strong>&nbsp;: *1 ms, 16 Br* (\u00e9gal 3 arceaux). R\u00e9p\u00e9ter de * \u00e0 * 7 fois pour obtenir 8 p\u00e9tales.<br><strong>Tour 9<\/strong>&nbsp;: 1 ms sur chacune des brides (ba), 1 grand ms sur chacune des ms du tour (en piquant la ms un tour plus bas). La grande ms sert \u00e0 d\u00e9limiter les p\u00e9tales.<br>Pour faire l&rsquo;\u00e9pi (ou grain) ne pas trop serrer les mailles pour les couler plus facilement.<\/p>\n<\/div>\n<\/div>\n","protected":false},"excerpt":{"rendered":"<p>Retrouver ce motif en page 29 de notre Tome 2 Motif Myosotis Travailler 10 ou 12 rouets suivant arceaux du motif central.1 &#8211; Petit rouet : 7 ml, fermer par 1 mc. Dans la boucle obtenue, faire 6 ml, 1 DB, *1 ml, 1 DB*. R\u00e9p\u00e9ter de * \u00e0 * 16 fois. 1 ml, 1 mc dans le 1er arceau, 1 ml, 2 ms dans chaque arceau, fermer par 1 mc. On obtient 36 ms.Accroche rouet et motif central2 &#8211; 1 ml sur le crochet, piquer *1 mc sur la 1\u00e8re ms d&rsquo;un rouet, 1 ms sur 12 m (ba), 1ml, 1 pb, 1 ml, 1 ms au milieu de l&rsquo;arceau du motif central, 1 ml, 1 pb, 1 ms sur 12 m, 3 ml, 1 mc sur un autre rouet*. R\u00e9p\u00e9ter de * \u00e0 * pour les autres accroches.3 &#8211; Tour suivant : continuer avec *4 ms sur les 3 ml, 1 ms sur les 24 m restantes*. R\u00e9p\u00e9ter de * \u00e0 * 9 ou 11 fois suivant le nombre de rouets.4 &#8211; Tour suivant : 10 ml, 1 DB piqu\u00e9e au pied des 4 ms. *6 ml, sauter 5 m, 1 DB*. R\u00e9p\u00e9ter de * \u00e0 * 3 fois pour obtenir 4 arceaux, 4 ml, 1 DB piqu\u00e9e au pied des 4 ms suivantes. R\u00e9p\u00e9ter ce travail sur tout le tour. Fermer par 1 mc piqu\u00e9e dans le 1er arceau de 10 ml. Retrouvez ce mod\u00e8le en page 8 de notre Tome 2 Motif An\u00e9mone Faire 12 tours de fil sur le gabarit niveau 2. Fermer par 1 ms. 2 mlTour 1&nbsp;: 24 Br dans cette boucle. Fermer par 1 mcTour 2&nbsp;: 6 ml, sauter 1 m, 1 mc *5 ml sauter 1 m, 1 mc*. R\u00e9p\u00e9ter de * \u00e0 * 10 fois pour obtenir 12 arceaux. La mc du dernier arceau est piqu\u00e9e au pied du 1er arceau.Tour 3&nbsp;: Piquer dans le cordon, sortir 1 m, r\u00e9aliser 6 ms dans chaque arceau. Fermer par 1 mc.Tour 4&nbsp;: 1 ml, 1 ms sur chacune des ms du tour 3 (ba), fermer par 1 mc, 2 ml. Laisser le cordon en attente.Tour 5&nbsp;: 1 \u00e9pi (voir page Annexe du Tome 2), 6 ml, sauter 2 m. R\u00e9p\u00e9ter 1 \u00e9pi et 4 ml 23 fois pour en obtenir 24.Tour 6&nbsp;: Reprendre le cordon, 6 ms dans chaque arceau, fermer par 1 mc.Tour 7&nbsp;: 1 ms sur chacune des 6 ms du tour pr\u00e9c\u00e9dent (ba), fermer par 1 mc.Tour 8&nbsp;: *1 ms, 16 Br* (\u00e9gal 3 arceaux). R\u00e9p\u00e9ter de * \u00e0 * 7 fois pour obtenir 8 p\u00e9tales.Tour 9&nbsp;: 1 ms sur chacune des brides (ba), 1 grand ms sur chacune des ms du tour (en piquant la ms un tour plus bas). La grande ms sert \u00e0 d\u00e9limiter les p\u00e9tales.Pour faire l&rsquo;\u00e9pi (ou grain) ne pas trop serrer les mailles pour les couler plus facilement.<\/p>\n","protected":false},"author":1,"featured_media":0,"parent":0,"menu_order":0,"comment_status":"closed","ping_status":"closed","template":"","meta":{"footnotes":"[{\"id\":\"2c987af7-3b47-4636-a9d3-0ddda66cc75b\",\"content\":\"\"}]"},"folder":[],"class_list":["post-568","page","type-page","status-publish","hentry"],"jetpack_sharing_enabled":true,"_links":{"self":[{"href":"https:\/\/picotbigouden.com\/index.php\/wp-json\/wp\/v2\/pages\/568","targetHints":{"allow":["GET"]}}],"collection":[{"href":"https:\/\/picotbigouden.com\/index.php\/wp-json\/wp\/v2\/pages"}],"about":[{"href":"https:\/\/picotbigouden.com\/index.php\/wp-json\/wp\/v2\/types\/page"}],"author":[{"embeddable":true,"href":"https:\/\/picotbigouden.com\/index.php\/wp-json\/wp\/v2\/users\/1"}],"replies":[{"embeddable":true,"href":"https:\/\/picotbigouden.com\/index.php\/wp-json\/wp\/v2\/comments?post=568"}],"version-history":[{"count":4,"href":"https:\/\/picotbigouden.com\/index.php\/wp-json\/wp\/v2\/pages\/568\/revisions"}],"predecessor-version":[{"id":611,"href":"https:\/\/picotbigouden.com\/index.php\/wp-json\/wp\/v2\/pages\/568\/revisions\/611"}],"wp:attachment":[{"href":"https:\/\/picotbigouden.com\/index.php\/wp-json\/wp\/v2\/media?parent=568"}],"wp:term":[{"taxonomy":"folder","embeddable":true,"href":"https:\/\/picotbigouden.com\/index.php\/wp-json\/wp\/v2\/folder?post=568"}],"curies":[{"name":"wp","href":"https:\/\/api.w.org\/{rel}","templated":true}]}}