{"id":546,"date":"2023-10-03T10:52:25","date_gmt":"2023-10-03T08:52:25","guid":{"rendered":"https:\/\/picotbigouden.com\/?page_id=546"},"modified":"2024-01-18T12:15:21","modified_gmt":"2024-01-18T11:15:21","slug":"pour-debuter","status":"publish","type":"page","link":"https:\/\/picotbigouden.com\/index.php\/pour-debuter\/","title":{"rendered":"Mod\u00e8le"},"content":{"rendered":"\n<p class=\"has-large-font-size\">D\u00e9butant (1er napperon)<\/p>\n\n\n\n<div class=\"wp-block-columns is-layout-flex wp-container-core-columns-is-layout-28f84493 wp-block-columns-is-layout-flex\">\n<div class=\"wp-block-column is-layout-flow wp-block-column-is-layout-flow\" style=\"flex-basis:33.33%\">\n<figure class=\"wp-block-image size-large\"><img data-recalc-dims=\"1\" loading=\"lazy\" decoding=\"async\" width=\"960\" height=\"873\" src=\"https:\/\/i0.wp.com\/picotbigouden.com\/wp-content\/uploads\/2024\/01\/azgmrnoh.png?resize=960%2C873\" alt=\"\" class=\"wp-image-609\" srcset=\"https:\/\/i0.wp.com\/picotbigouden.com\/wp-content\/uploads\/2024\/01\/azgmrnoh.png?resize=1024%2C931&amp;ssl=1 1024w, https:\/\/i0.wp.com\/picotbigouden.com\/wp-content\/uploads\/2024\/01\/azgmrnoh.png?resize=300%2C273&amp;ssl=1 300w, https:\/\/i0.wp.com\/picotbigouden.com\/wp-content\/uploads\/2024\/01\/azgmrnoh.png?resize=768%2C698&amp;ssl=1 768w, https:\/\/i0.wp.com\/picotbigouden.com\/wp-content\/uploads\/2024\/01\/azgmrnoh.png?resize=1140%2C1036&amp;ssl=1 1140w, https:\/\/i0.wp.com\/picotbigouden.com\/wp-content\/uploads\/2024\/01\/azgmrnoh.png?resize=600%2C545&amp;ssl=1 600w, https:\/\/i0.wp.com\/picotbigouden.com\/wp-content\/uploads\/2024\/01\/azgmrnoh.png?w=1216&amp;ssl=1 1216w\" sizes=\"auto, (max-width: 960px) 100vw, 960px\" \/><\/figure>\n<\/div>\n\n\n\n<div class=\"wp-block-column is-layout-flow wp-block-column-is-layout-flow\" style=\"flex-basis:66.66%\">\n<h2 class=\"wp-block-heading\">Rouet barrettes simples<br><\/h2>\n\n\n\n<ol class=\"wp-block-list\">\n<li class=\"has-small-font-size\">Cr\u00e9er un rond de 15 tours de fil sur un gabarit (un crayon, par exemple).<\/li>\n\n\n\n<li class=\"has-small-font-size\">1 ml , 24 ou 28 ms selon que l&rsquo;on d\u00e9sire 12 ou 14 branches.<\/li>\n\n\n\n<li class=\"has-small-font-size\">5 ml (= 1er arceau et bride) en piquant sur 1 m sur 2 du centre., 2 ml, 1 Br. En faire 12 ou 14. Fermer par 1 mc.<\/li>\n\n\n\n<li class=\"has-small-font-size\">4 ml (= 1<sup>\u00e8re<\/sup> DB) puis 3 DB qui seront arr\u00eat\u00e9es ensemble, 4 ml, continuer avec 4 DB (toujours arr\u00eat\u00e9es ensemble). Fermer par 1 mc. On obtient 12 ou 14 arceaux.<\/li>\n\n\n\n<li class=\"has-small-font-size\">Prendre le cordon et faire 1 ml, 6 ms dans chaque arceau (penser \u00e0 fa\u00e7onner le rond en tirant sur le cordon). Fermer par 1 mc.<\/li>\n\n\n\n<li class=\"has-small-font-size\">1 ml. Faire 1 rang de ms en prenant le brin arri\u00e8re. Arr\u00eater le cordon \u00e0 4 ms de la fin. Fermer par 1 mc piqu\u00e9e dans la 1<sup>\u00e8re<\/sup> ms du rang.<\/li>\n<\/ol>\n<\/div>\n<\/div>\n\n\n\n<p class=\"has-text-align-center has-large-font-size\"><strong>Cha\u00eene de vie<\/strong><\/p>\n\n\n\n<div class=\"wp-block-columns is-layout-flex wp-container-core-columns-is-layout-28f84493 wp-block-columns-is-layout-flex\">\n<div class=\"wp-block-column is-layout-flow wp-block-column-is-layout-flow\">\n<ol class=\"wp-block-list\">\n<li class=\"has-small-font-size\">Piquer 1 mc dans le cordon. Faire une boucle avec celui-ci et dans la boucle obtenue, r\u00e9aliser 17 ms sur le cordon double. On travaille sur une demi-boucle (soit la partie sup\u00e9rieure). Faire une 2<sup>\u00e8me<\/sup> boucle et de nouveau 17 ms dans cette 2<sup>\u00e8me<\/sup> boucle. R\u00e9aliser ainsi 14 boucles.<\/li>\n\n\n\n<li class=\"has-small-font-size\">Revenir sur l&rsquo;autre moiti\u00e9 (partie inf\u00e9rieure) en faisant 19 ms dans chaque boucle et 1 ms entre chaque boucle (bien serrer cette maille).<\/li>\n\n\n\n<li class=\"has-small-font-size\">Pour terminer, faire 17 ms dans la 1<sup>\u00e8re<\/sup> boucle, arr\u00eater le cordon sur les 3 derni\u00e8res mailles en prenant \u00e9galement le cordon du d\u00e9but afin de le cacher. 1 mc dans la ms suivante.<\/li>\n\n\n\n<li class=\"has-small-font-size\">Positionner la dern\u00e8re boucle sur la 1<sup>\u00e8re<\/sup>, endroit contre endroit et faire 2 ms en prenant ensemble chacune des 2 ms des 1<sup>\u00e8re<\/sup> et 2<sup>\u00e8me<\/sup> boucles. Terminer par 1 ml, couper le fil (fermer de fa\u00e7on que les 19 ms se trouvent \u00e0 l&rsquo;ext\u00e9rieur). (le nombre de boucles sera \u00e0 ajuster selon l&rsquo;ouvrage).<\/li>\n<\/ol>\n<\/div>\n\n\n\n<div class=\"wp-block-column is-layout-flow wp-block-column-is-layout-flow\">\n<figure class=\"wp-block-image size-large is-resized\"><img data-recalc-dims=\"1\" loading=\"lazy\" decoding=\"async\" width=\"960\" height=\"960\" src=\"https:\/\/i0.wp.com\/picotbigouden.com\/wp-content\/uploads\/2024\/01\/DSCN0889-edited-1024x1024.jpg?resize=960%2C960\" alt=\"\" class=\"wp-image-653\" style=\"width:306px;height:auto\" srcset=\"https:\/\/i0.wp.com\/picotbigouden.com\/wp-content\/uploads\/2024\/01\/DSCN0889-edited-scaled.jpg?resize=1024%2C1024&amp;ssl=1 1024w, https:\/\/i0.wp.com\/picotbigouden.com\/wp-content\/uploads\/2024\/01\/DSCN0889-edited-scaled.jpg?resize=300%2C300&amp;ssl=1 300w, https:\/\/i0.wp.com\/picotbigouden.com\/wp-content\/uploads\/2024\/01\/DSCN0889-edited-scaled.jpg?resize=150%2C150&amp;ssl=1 150w, https:\/\/i0.wp.com\/picotbigouden.com\/wp-content\/uploads\/2024\/01\/DSCN0889-edited-scaled.jpg?resize=768%2C768&amp;ssl=1 768w, https:\/\/i0.wp.com\/picotbigouden.com\/wp-content\/uploads\/2024\/01\/DSCN0889-edited-scaled.jpg?resize=1536%2C1536&amp;ssl=1 1536w, https:\/\/i0.wp.com\/picotbigouden.com\/wp-content\/uploads\/2024\/01\/DSCN0889-edited-scaled.jpg?resize=2048%2C2048&amp;ssl=1 2048w, https:\/\/i0.wp.com\/picotbigouden.com\/wp-content\/uploads\/2024\/01\/DSCN0889-edited-scaled.jpg?resize=1140%2C1140&amp;ssl=1 1140w, https:\/\/i0.wp.com\/picotbigouden.com\/wp-content\/uploads\/2024\/01\/DSCN0889-edited-scaled.jpg?resize=75%2C75&amp;ssl=1 75w, https:\/\/i0.wp.com\/picotbigouden.com\/wp-content\/uploads\/2024\/01\/DSCN0889-edited-scaled.jpg?resize=600%2C600&amp;ssl=1 600w, https:\/\/i0.wp.com\/picotbigouden.com\/wp-content\/uploads\/2024\/01\/DSCN0889-edited-scaled.jpg?resize=100%2C100&amp;ssl=1 100w, https:\/\/i0.wp.com\/picotbigouden.com\/wp-content\/uploads\/2024\/01\/DSCN0889-edited-scaled.jpg?w=1920 1920w\" sizes=\"auto, (max-width: 960px) 100vw, 960px\" \/><\/figure>\n<\/div>\n<\/div>\n\n\n\n<div class=\"wp-block-columns are-vertically-aligned-center is-layout-flex wp-container-core-columns-is-layout-28f84493 wp-block-columns-is-layout-flex\">\n<div class=\"wp-block-column is-vertically-aligned-center is-layout-flow wp-block-column-is-layout-flow\" style=\"flex-basis:33.33%\">\n<h2 class=\"wp-block-heading\">Clochettes<\/h2>\n\n\n\n<div class=\"wp-block-columns is-layout-flex wp-container-core-columns-is-layout-28f84493 wp-block-columns-is-layout-flex\">\n<div class=\"wp-block-column is-layout-flow wp-block-column-is-layout-flow\" style=\"flex-basis:33.33%\">\n<figure class=\"wp-block-image size-large is-resized\"><img data-recalc-dims=\"1\" loading=\"lazy\" decoding=\"async\" width=\"960\" height=\"720\" src=\"https:\/\/i0.wp.com\/picotbigouden.com\/wp-content\/uploads\/2023\/11\/DSCN0886.jpg?resize=960%2C720\" alt=\"\" class=\"wp-image-602\" style=\"width:291px;height:auto\" srcset=\"https:\/\/i0.wp.com\/picotbigouden.com\/wp-content\/uploads\/2023\/11\/DSCN0886-scaled.jpg?resize=1024%2C768&amp;ssl=1 1024w, https:\/\/i0.wp.com\/picotbigouden.com\/wp-content\/uploads\/2023\/11\/DSCN0886-scaled.jpg?resize=300%2C225&amp;ssl=1 300w, https:\/\/i0.wp.com\/picotbigouden.com\/wp-content\/uploads\/2023\/11\/DSCN0886-scaled.jpg?resize=768%2C576&amp;ssl=1 768w, https:\/\/i0.wp.com\/picotbigouden.com\/wp-content\/uploads\/2023\/11\/DSCN0886-scaled.jpg?resize=1536%2C1152&amp;ssl=1 1536w, https:\/\/i0.wp.com\/picotbigouden.com\/wp-content\/uploads\/2023\/11\/DSCN0886-scaled.jpg?resize=2048%2C1536&amp;ssl=1 2048w, https:\/\/i0.wp.com\/picotbigouden.com\/wp-content\/uploads\/2023\/11\/DSCN0886-scaled.jpg?resize=1140%2C855&amp;ssl=1 1140w, https:\/\/i0.wp.com\/picotbigouden.com\/wp-content\/uploads\/2023\/11\/DSCN0886-scaled.jpg?resize=600%2C450&amp;ssl=1 600w, https:\/\/i0.wp.com\/picotbigouden.com\/wp-content\/uploads\/2023\/11\/DSCN0886-scaled.jpg?w=1920 1920w\" sizes=\"auto, (max-width: 960px) 100vw, 960px\" \/><\/figure>\n\n\n\n<div class=\"wp-block-columns is-layout-flex wp-container-core-columns-is-layout-28f84493 wp-block-columns-is-layout-flex\">\n<div class=\"wp-block-column is-layout-flow wp-block-column-is-layout-flow\" style=\"flex-basis:33.33%\">\n<figure class=\"wp-block-image size-large is-resized\"><img data-recalc-dims=\"1\" loading=\"lazy\" decoding=\"async\" width=\"960\" height=\"720\" src=\"https:\/\/i0.wp.com\/picotbigouden.com\/wp-content\/uploads\/2023\/11\/DSCN0892.jpg?resize=960%2C720\" alt=\"\" class=\"wp-image-603\" style=\"width:288px;height:auto\" srcset=\"https:\/\/i0.wp.com\/picotbigouden.com\/wp-content\/uploads\/2023\/11\/DSCN0892-scaled.jpg?resize=1024%2C768&amp;ssl=1 1024w, https:\/\/i0.wp.com\/picotbigouden.com\/wp-content\/uploads\/2023\/11\/DSCN0892-scaled.jpg?resize=300%2C225&amp;ssl=1 300w, https:\/\/i0.wp.com\/picotbigouden.com\/wp-content\/uploads\/2023\/11\/DSCN0892-scaled.jpg?resize=768%2C576&amp;ssl=1 768w, https:\/\/i0.wp.com\/picotbigouden.com\/wp-content\/uploads\/2023\/11\/DSCN0892-scaled.jpg?resize=1536%2C1152&amp;ssl=1 1536w, https:\/\/i0.wp.com\/picotbigouden.com\/wp-content\/uploads\/2023\/11\/DSCN0892-scaled.jpg?resize=2048%2C1536&amp;ssl=1 2048w, https:\/\/i0.wp.com\/picotbigouden.com\/wp-content\/uploads\/2023\/11\/DSCN0892-scaled.jpg?resize=1140%2C855&amp;ssl=1 1140w, https:\/\/i0.wp.com\/picotbigouden.com\/wp-content\/uploads\/2023\/11\/DSCN0892-scaled.jpg?resize=600%2C450&amp;ssl=1 600w, https:\/\/i0.wp.com\/picotbigouden.com\/wp-content\/uploads\/2023\/11\/DSCN0892-scaled.jpg?w=1920 1920w\" sizes=\"auto, (max-width: 960px) 100vw, 960px\" \/><\/figure>\n<\/div>\n\n\n\n<div class=\"wp-block-column is-layout-flow wp-block-column-is-layout-flow\" style=\"flex-basis:66.66%\"><\/div>\n<\/div>\n<\/div>\n<\/div>\n\n\n\n<figure class=\"wp-block-image size-large is-resized\"><img data-recalc-dims=\"1\" loading=\"lazy\" decoding=\"async\" width=\"960\" height=\"720\" src=\"https:\/\/i0.wp.com\/picotbigouden.com\/wp-content\/uploads\/2024\/01\/DSCN0897.jpg?resize=960%2C720\" alt=\"\" class=\"wp-image-646\" style=\"width:276px;height:auto\" srcset=\"https:\/\/i0.wp.com\/picotbigouden.com\/wp-content\/uploads\/2024\/01\/DSCN0897-scaled.jpg?resize=1024%2C768&amp;ssl=1 1024w, https:\/\/i0.wp.com\/picotbigouden.com\/wp-content\/uploads\/2024\/01\/DSCN0897-scaled.jpg?resize=300%2C225&amp;ssl=1 300w, https:\/\/i0.wp.com\/picotbigouden.com\/wp-content\/uploads\/2024\/01\/DSCN0897-scaled.jpg?resize=768%2C576&amp;ssl=1 768w, https:\/\/i0.wp.com\/picotbigouden.com\/wp-content\/uploads\/2024\/01\/DSCN0897-scaled.jpg?resize=1536%2C1152&amp;ssl=1 1536w, https:\/\/i0.wp.com\/picotbigouden.com\/wp-content\/uploads\/2024\/01\/DSCN0897-scaled.jpg?resize=2048%2C1536&amp;ssl=1 2048w, https:\/\/i0.wp.com\/picotbigouden.com\/wp-content\/uploads\/2024\/01\/DSCN0897-scaled.jpg?resize=1140%2C855&amp;ssl=1 1140w, https:\/\/i0.wp.com\/picotbigouden.com\/wp-content\/uploads\/2024\/01\/DSCN0897-scaled.jpg?resize=600%2C450&amp;ssl=1 600w, https:\/\/i0.wp.com\/picotbigouden.com\/wp-content\/uploads\/2024\/01\/DSCN0897-scaled.jpg?w=1920 1920w\" sizes=\"auto, (max-width: 960px) 100vw, 960px\" \/><figcaption class=\"wp-element-caption\">Exemple du montage des pi\u00e8ces<\/figcaption><\/figure>\n<\/div>\n\n\n\n<div class=\"wp-block-column is-vertically-aligned-center is-layout-flow wp-block-column-is-layout-flow\" style=\"flex-basis:66.66%\">\n<ul class=\"wp-block-list\">\n<li class=\"has-small-font-size\">Prendre le cordon, piquer dans celui-ci par 1 mc, 14 ms sur le cordon, 1 ml.<\/li>\n\n\n\n<li class=\"has-small-font-size\">Tourner le travail, <strong>*<\/strong>14 ms en prenant le brin arri\u00e8re de chacune des ms du rang pr\u00e9c\u00e9dent et en faisant suivre le cordon, 1 ml (tirer sur le cordon de mani\u00e8re \u00e0 ce que les mailles soient bien coll\u00e9es les unes aux autres. Ceci est valable pour chaque rang).<\/li>\n\n\n\n<li class=\"has-small-font-size\">Tourner le travial, 9 ms sur les pr\u00e9c\u00e9dentes (brin arri\u00e8re), 5 ms sur le cordon seul, 1 ml.<\/li>\n\n\n\n<li class=\"has-small-font-size\">Tourner le travail, 13 ms sur les pr\u00e9c\u00e9dentes, 1 ml.<\/li>\n\n\n\n<li class=\"has-small-font-size\">Tourner le travail, 13 ms sur les pr\u00e9c\u00e9dentes, 1 ms sur la 14\u00e8<sup>me<\/sup> ms de la 2<sup>\u00e8me<\/sup> branche, 1 ms sur la 1<sup>\u00e8re <\/sup>ms de la 1<sup>\u00e8re<\/sup> branche, 30 ms sur le cordon seul.<\/li>\n\n\n\n<li class=\"has-small-font-size\">Tourner le travail, 8 ms sur les pr\u00e9c\u00e9dentes, 5 ms sur le cordon, 1 ml.<\/li>\n\n\n\n<li class=\"has-small-font-size\">Accrocher par 1 ms sur l&rsquo;envers et en haut de la 3<sup>\u00e8me<\/sup> branche de la 1<sup>\u00e8re <\/sup>clochette, en pivotant le travail<strong>.*<\/strong><\/li>\n\n\n\n<li class=\"has-small-font-size\">R\u00e9p\u00e9ter de <strong>*<\/strong> \u00e0 <strong>* <\/strong>autant de fois que n\u00e9cessaire.<\/li>\n<\/ul>\n<\/div>\n<\/div>\n\n\n<div class=\"wp-block-image\">\n<figure class=\"alignleft size-large is-resized\"><img data-recalc-dims=\"1\" loading=\"lazy\" decoding=\"async\" width=\"960\" height=\"720\" src=\"https:\/\/i0.wp.com\/picotbigouden.com\/wp-content\/uploads\/2024\/01\/DSCN0896.jpg?resize=960%2C720\" alt=\"\" class=\"wp-image-645\" style=\"width:488px;height:auto\" srcset=\"https:\/\/i0.wp.com\/picotbigouden.com\/wp-content\/uploads\/2024\/01\/DSCN0896-scaled.jpg?resize=1024%2C768&amp;ssl=1 1024w, https:\/\/i0.wp.com\/picotbigouden.com\/wp-content\/uploads\/2024\/01\/DSCN0896-scaled.jpg?resize=300%2C225&amp;ssl=1 300w, https:\/\/i0.wp.com\/picotbigouden.com\/wp-content\/uploads\/2024\/01\/DSCN0896-scaled.jpg?resize=768%2C576&amp;ssl=1 768w, https:\/\/i0.wp.com\/picotbigouden.com\/wp-content\/uploads\/2024\/01\/DSCN0896-scaled.jpg?resize=1536%2C1152&amp;ssl=1 1536w, https:\/\/i0.wp.com\/picotbigouden.com\/wp-content\/uploads\/2024\/01\/DSCN0896-scaled.jpg?resize=2048%2C1536&amp;ssl=1 2048w, https:\/\/i0.wp.com\/picotbigouden.com\/wp-content\/uploads\/2024\/01\/DSCN0896-scaled.jpg?resize=1140%2C855&amp;ssl=1 1140w, https:\/\/i0.wp.com\/picotbigouden.com\/wp-content\/uploads\/2024\/01\/DSCN0896-scaled.jpg?resize=600%2C450&amp;ssl=1 600w, https:\/\/i0.wp.com\/picotbigouden.com\/wp-content\/uploads\/2024\/01\/DSCN0896-scaled.jpg?w=1920 1920w\" sizes=\"auto, (max-width: 960px) 100vw, 960px\" \/><figcaption class=\"wp-element-caption\">Exemple d&rsquo;un petit napperon termin\u00e9<\/figcaption><\/figure>\n<\/div>","protected":false},"excerpt":{"rendered":"<p>D\u00e9butant (1er napperon) Rouet barrettes simples Cha\u00eene de vie Clochettes<\/p>\n","protected":false},"author":2,"featured_media":0,"parent":0,"menu_order":0,"comment_status":"closed","ping_status":"closed","template":"","meta":{"footnotes":"[]"},"folder":[],"class_list":["post-546","page","type-page","status-publish","hentry"],"jetpack_sharing_enabled":true,"_links":{"self":[{"href":"https:\/\/picotbigouden.com\/index.php\/wp-json\/wp\/v2\/pages\/546","targetHints":{"allow":["GET"]}}],"collection":[{"href":"https:\/\/picotbigouden.com\/index.php\/wp-json\/wp\/v2\/pages"}],"about":[{"href":"https:\/\/picotbigouden.com\/index.php\/wp-json\/wp\/v2\/types\/page"}],"author":[{"embeddable":true,"href":"https:\/\/picotbigouden.com\/index.php\/wp-json\/wp\/v2\/users\/2"}],"replies":[{"embeddable":true,"href":"https:\/\/picotbigouden.com\/index.php\/wp-json\/wp\/v2\/comments?post=546"}],"version-history":[{"count":21,"href":"https:\/\/picotbigouden.com\/index.php\/wp-json\/wp\/v2\/pages\/546\/revisions"}],"predecessor-version":[{"id":682,"href":"https:\/\/picotbigouden.com\/index.php\/wp-json\/wp\/v2\/pages\/546\/revisions\/682"}],"wp:attachment":[{"href":"https:\/\/picotbigouden.com\/index.php\/wp-json\/wp\/v2\/media?parent=546"}],"wp:term":[{"taxonomy":"folder","embeddable":true,"href":"https:\/\/picotbigouden.com\/index.php\/wp-json\/wp\/v2\/folder?post=546"}],"curies":[{"name":"wp","href":"https:\/\/api.w.org\/{rel}","templated":true}]}}