{"id":5,"date":"2023-07-06T14:58:13","date_gmt":"2023-07-06T12:58:13","guid":{"rendered":"http:\/\/picotbigouden.com\/?page_id=5"},"modified":"2026-03-17T20:35:05","modified_gmt":"2026-03-17T19:35:05","slug":"livre-le-picot-bigouden","status":"publish","type":"page","link":"https:\/\/picotbigouden.com\/index.php\/livre-le-picot-bigouden\/","title":{"rendered":"Nos livres"},"content":{"rendered":"\n<p><strong>L&rsquo;institut Bigouden des Dentelles a d\u00e9cid\u00e9 de partager son savoir-faire par cet ouvrage<\/strong>.<\/p>\n\n\n\n<p>Vous pouvez commander nos livres sur helloassociation. <a href=\"https:\/\/www.helloasso.com\/associations\/institut-bigouden-des-dentelles\/boutiques\/site-ibd\">https:\/\/www.helloasso.com\/associations\/institut-bigouden-des-dentelles\/boutiques\/site-ibd<\/a><\/p>\n\n\n\n<div class=\"wp-block-columns is-layout-flex wp-container-core-columns-is-layout-28f84493 wp-block-columns-is-layout-flex\">\n<div class=\"wp-block-column is-layout-flow wp-block-column-is-layout-flow\" style=\"flex-basis:33.33%\">\n<figure class=\"wp-block-image size-large\"><img data-recalc-dims=\"1\" loading=\"lazy\" decoding=\"async\" width=\"720\" height=\"1024\" src=\"https:\/\/i0.wp.com\/picotbigouden.com\/wp-content\/uploads\/2023\/07\/DSCN3178bis.jpg?resize=720%2C1024\" alt=\"\" class=\"wp-image-7\" srcset=\"https:\/\/i0.wp.com\/picotbigouden.com\/wp-content\/uploads\/2023\/07\/DSCN3178bis.jpg?resize=720%2C1024&amp;ssl=1 720w, https:\/\/i0.wp.com\/picotbigouden.com\/wp-content\/uploads\/2023\/07\/DSCN3178bis.jpg?resize=250%2C356&amp;ssl=1 250w, https:\/\/i0.wp.com\/picotbigouden.com\/wp-content\/uploads\/2023\/07\/DSCN3178bis.jpg?resize=350%2C498&amp;ssl=1 350w, https:\/\/i0.wp.com\/picotbigouden.com\/wp-content\/uploads\/2023\/07\/DSCN3178bis.jpg?resize=211%2C300&amp;ssl=1 211w, https:\/\/i0.wp.com\/picotbigouden.com\/wp-content\/uploads\/2023\/07\/DSCN3178bis.jpg?resize=768%2C1093&amp;ssl=1 768w, https:\/\/i0.wp.com\/picotbigouden.com\/wp-content\/uploads\/2023\/07\/DSCN3178bis.jpg?w=844&amp;ssl=1 844w\" sizes=\"auto, (max-width: 720px) 100vw, 720px\" \/><\/figure>\n<\/div>\n\n\n\n<div class=\"wp-block-column is-layout-flow wp-block-column-is-layout-flow\" style=\"flex-basis:66.66%\">\n<h2 class=\"wp-block-heading\">Tome 1<\/h2>\n\n\n\n<p>&nbsp;I<strong>l propose 80 fiches in\u00e9dites qui expliquent les techniques permettant de r\u00e9aliser en suivant un rythme progressif des motifs puis des ouvrages \u00e9labor\u00e9s. <\/strong><\/p>\n\n\n\n<p><strong>L&rsquo;ensemble est illustr\u00e9 par de nombreuses photos dont celles de tr\u00e8s belles pi\u00e8ces vari\u00e9es, r\u00e9centes ou anciennes. <\/strong><\/p>\n\n\n\n<p><strong>L&rsquo;IBD esp\u00e8re ainsi partager avec vous sa passion du Picot, son go\u00fbt pour la dentelle, la finesse du travail et vous donner envie de d\u00e9couvrir cet art.<\/strong><\/p>\n\n\n\n<p><\/p>\n\n\n\n<p><\/p>\n<\/div>\n<\/div>\n\n\n\n<div class=\"wp-block-columns is-layout-flex wp-container-core-columns-is-layout-28f84493 wp-block-columns-is-layout-flex\">\n<div class=\"wp-block-column is-layout-flow wp-block-column-is-layout-flow\" style=\"flex-basis:33.33%\">\n<h2 class=\"wp-block-heading\">Tome 2<\/h2>\n\n\n\n<p><strong>Ce livre, diff\u00e9rent du Tome 1,  comporte essentiellement des motifs couleur, r\u00e9alis\u00e9s avec du fil tr\u00e8s fin. <\/strong><\/p>\n\n\n\n<p><\/p>\n<\/div>\n\n\n\n<div class=\"wp-block-column is-layout-flow wp-block-column-is-layout-flow\" style=\"flex-basis:66.66%\">\n<figure class=\"wp-block-image size-full\"><img data-recalc-dims=\"1\" loading=\"lazy\" decoding=\"async\" width=\"356\" height=\"499\" src=\"https:\/\/i0.wp.com\/picotbigouden.com\/wp-content\/uploads\/2023\/07\/512-RGSC2rL._SX354_BO1204203200_.jpg?resize=356%2C499\" alt=\"\" class=\"wp-image-112\" srcset=\"https:\/\/i0.wp.com\/picotbigouden.com\/wp-content\/uploads\/2023\/07\/512-RGSC2rL._SX354_BO1204203200_.jpg?w=356&amp;ssl=1 356w, https:\/\/i0.wp.com\/picotbigouden.com\/wp-content\/uploads\/2023\/07\/512-RGSC2rL._SX354_BO1204203200_.jpg?resize=250%2C350&amp;ssl=1 250w, https:\/\/i0.wp.com\/picotbigouden.com\/wp-content\/uploads\/2023\/07\/512-RGSC2rL._SX354_BO1204203200_.jpg?resize=350%2C491&amp;ssl=1 350w, https:\/\/i0.wp.com\/picotbigouden.com\/wp-content\/uploads\/2023\/07\/512-RGSC2rL._SX354_BO1204203200_.jpg?resize=214%2C300&amp;ssl=1 214w\" sizes=\"auto, (max-width: 356px) 100vw, 356px\" \/><\/figure>\n<\/div>\n<\/div>\n","protected":false},"excerpt":{"rendered":"<p>L&rsquo;institut Bigouden des Dentelles a d\u00e9cid\u00e9 de partager son savoir-faire par cet ouvrage. Vous pouvez commander nos livres sur helloassociation. https:\/\/www.helloasso.com\/associations\/institut-bigouden-des-dentelles\/boutiques\/site-ibd Tome 1 &nbsp;Il propose 80 fiches in\u00e9dites qui expliquent les techniques permettant de r\u00e9aliser en suivant un rythme progressif des motifs puis des ouvrages \u00e9labor\u00e9s. L&rsquo;ensemble est illustr\u00e9 par de nombreuses photos dont celles de tr\u00e8s belles pi\u00e8ces vari\u00e9es, r\u00e9centes ou anciennes. L&rsquo;IBD esp\u00e8re ainsi partager avec vous sa passion du Picot, son go\u00fbt pour la dentelle, la finesse du travail et vous donner envie de d\u00e9couvrir cet art. Tome 2 Ce livre, diff\u00e9rent du Tome 1, comporte essentiellement des motifs couleur, r\u00e9alis\u00e9s avec du fil tr\u00e8s fin.<\/p>\n","protected":false},"author":1,"featured_media":0,"parent":0,"menu_order":0,"comment_status":"closed","ping_status":"closed","template":"","meta":{"footnotes":""},"folder":[],"class_list":["post-5","page","type-page","status-publish","hentry"],"jetpack_sharing_enabled":true,"_links":{"self":[{"href":"https:\/\/picotbigouden.com\/index.php\/wp-json\/wp\/v2\/pages\/5","targetHints":{"allow":["GET"]}}],"collection":[{"href":"https:\/\/picotbigouden.com\/index.php\/wp-json\/wp\/v2\/pages"}],"about":[{"href":"https:\/\/picotbigouden.com\/index.php\/wp-json\/wp\/v2\/types\/page"}],"author":[{"embeddable":true,"href":"https:\/\/picotbigouden.com\/index.php\/wp-json\/wp\/v2\/users\/1"}],"replies":[{"embeddable":true,"href":"https:\/\/picotbigouden.com\/index.php\/wp-json\/wp\/v2\/comments?post=5"}],"version-history":[{"count":10,"href":"https:\/\/picotbigouden.com\/index.php\/wp-json\/wp\/v2\/pages\/5\/revisions"}],"predecessor-version":[{"id":784,"href":"https:\/\/picotbigouden.com\/index.php\/wp-json\/wp\/v2\/pages\/5\/revisions\/784"}],"wp:attachment":[{"href":"https:\/\/picotbigouden.com\/index.php\/wp-json\/wp\/v2\/media?parent=5"}],"wp:term":[{"taxonomy":"folder","embeddable":true,"href":"https:\/\/picotbigouden.com\/index.php\/wp-json\/wp\/v2\/folder?post=5"}],"curies":[{"name":"wp","href":"https:\/\/api.w.org\/{rel}","templated":true}]}}