{"id":20,"date":"2023-07-06T15:11:27","date_gmt":"2023-07-06T13:11:27","guid":{"rendered":"http:\/\/picotbigouden.com\/?page_id=20"},"modified":"2026-03-17T20:39:08","modified_gmt":"2026-03-17T19:39:08","slug":"cours-stages","status":"publish","type":"page","link":"https:\/\/picotbigouden.com\/index.php\/cours-stages\/","title":{"rendered":"Cours &#038; Stages"},"content":{"rendered":"\n<p class=\"has-text-align-center\">Retrouvez-nous \u00e0 la Maison des Associations, <br>rue de la Gare \u00e0 Pont-L&rsquo;Abb\u00e9<\/p>\n\n\n\n<h2 class=\"wp-block-heading has-text-align-center\">Cours \u00e0 l&rsquo;ann\u00e9e<\/h2>\n\n\n\n<p class=\"has-text-align-center\">Des cours de picot (Dentelle Bigoud\u00e8ne et Guipure d&rsquo;Irlande), anim\u00e9s par Monique Cros&nbsp;(ancienne \u00e9l\u00e8ve de Rosa Guichaoua, dentelli\u00e8re), sont dispens\u00e9s \u00e0 l&rsquo;ann\u00e9e, \u00e0 raison de:<br><strong>30<\/strong>&nbsp;cours (hors vacances scolaires), le&nbsp;<strong>lundi<\/strong>&nbsp;de 16&nbsp;\u00e0 18h <strong>ou<\/strong>&nbsp;de 18 \u00e0 20 h.<\/p>\n\n\n\n<h2 class=\"wp-block-heading has-text-align-center\">Stage de 2 jours<\/h2>\n\n\n\n<p>Inscription sur helloassociation<\/p>\n\n\n\n<p class=\"has-text-align-center\"><strong>2026 : <\/strong><\/p>\n\n\n\n<p class=\"has-text-align-center has-medium-font-size\"><strong>13 et 14 avril<\/strong> <\/p>\n\n\n\n<p><a href=\"https:\/\/www.helloasso.com\/associations\/institut-bigouden-des-dentelles\/adhesions\/stage-13-et-14-avril\">https:\/\/www.helloasso.com\/associations\/institut-bigouden-des-dentelles\/adhesions\/stage-13-et-14-avril<\/a><\/p>\n\n\n\n<p class=\"has-text-align-center has-medium-font-size\"><strong>6 et 7 juillet<\/strong><\/p>\n\n\n\n<p><a href=\"https:\/\/www.helloasso.com\/associations\/institut-bigouden-des-dentelles\/adhesions\/stage-6-et-7-juillet\">https:\/\/www.helloasso.com\/associations\/institut-bigouden-des-dentelles\/adhesions\/stage-6-et-7-juillet<\/a><\/p>\n\n\n\n<p class=\"has-text-align-center has-medium-font-size\"><strong>19 et 20 octobre<\/strong><\/p>\n\n\n\n<p><a href=\"https:\/\/www.helloasso.com\/associations\/institut-bigouden-des-dentelles\/adhesions\/stage-19-et-20-octobre\">https:\/\/www.helloasso.com\/associations\/institut-bigouden-des-dentelles\/adhesions\/stage-19-et-20-octobre<\/a><\/p>\n\n\n\n<p class=\"has-text-align-center\">9h \u00e0 17h, avec pause d\u00e9jeuner.<\/p>\n\n\n\n<p class=\"has-text-align-center\">120\u00a0\u20ac &#8211; Mat\u00e9riel fourni<br><br><br>Maison des Associations, rue de la Gare \u00e0 Pont-L&rsquo;Abb\u00e9<\/p>\n\n\n\n<h2 class=\"wp-block-heading has-text-align-center\">Contact et renseignements<\/h2>\n\n\n\n<p class=\"has-text-align-center\"><strong><a rel=\"noreferrer noopener\" href=\"mailto:institutbigoudendesdentelles@gmail.com\" target=\"_blank\">institutbigoudendesdentelles@gmail.com<\/a><\/strong><\/p>\n\n\n\n<p><\/p>\n","protected":false},"excerpt":{"rendered":"<p>Retrouvez-nous \u00e0 la Maison des Associations, rue de la Gare \u00e0 Pont-L&rsquo;Abb\u00e9 Cours \u00e0 l&rsquo;ann\u00e9e Des cours de picot (Dentelle Bigoud\u00e8ne et Guipure d&rsquo;Irlande), anim\u00e9s par Monique Cros&nbsp;(ancienne \u00e9l\u00e8ve de Rosa Guichaoua, dentelli\u00e8re), sont dispens\u00e9s \u00e0 l&rsquo;ann\u00e9e, \u00e0 raison de:30&nbsp;cours (hors vacances scolaires), le&nbsp;lundi&nbsp;de 16&nbsp;\u00e0 18h ou&nbsp;de 18 \u00e0 20 h. Stage de 2 jours Inscription sur helloassociation 2026 : 13 et 14 avril https:\/\/www.helloasso.com\/associations\/institut-bigouden-des-dentelles\/adhesions\/stage-13-et-14-avril 6 et 7 juillet https:\/\/www.helloasso.com\/associations\/institut-bigouden-des-dentelles\/adhesions\/stage-6-et-7-juillet 19 et 20 octobre https:\/\/www.helloasso.com\/associations\/institut-bigouden-des-dentelles\/adhesions\/stage-19-et-20-octobre 9h \u00e0 17h, avec pause d\u00e9jeuner. 120\u00a0\u20ac &#8211; Mat\u00e9riel fourni Maison des Associations, rue de la Gare \u00e0 Pont-L&rsquo;Abb\u00e9 Contact et renseignements institutbigoudendesdentelles@gmail.com<\/p>\n","protected":false},"author":1,"featured_media":0,"parent":0,"menu_order":0,"comment_status":"closed","ping_status":"closed","template":"","meta":{"footnotes":""},"folder":[],"class_list":["post-20","page","type-page","status-publish","hentry"],"jetpack_sharing_enabled":true,"_links":{"self":[{"href":"https:\/\/picotbigouden.com\/index.php\/wp-json\/wp\/v2\/pages\/20","targetHints":{"allow":["GET"]}}],"collection":[{"href":"https:\/\/picotbigouden.com\/index.php\/wp-json\/wp\/v2\/pages"}],"about":[{"href":"https:\/\/picotbigouden.com\/index.php\/wp-json\/wp\/v2\/types\/page"}],"author":[{"embeddable":true,"href":"https:\/\/picotbigouden.com\/index.php\/wp-json\/wp\/v2\/users\/1"}],"replies":[{"embeddable":true,"href":"https:\/\/picotbigouden.com\/index.php\/wp-json\/wp\/v2\/comments?post=20"}],"version-history":[{"count":32,"href":"https:\/\/picotbigouden.com\/index.php\/wp-json\/wp\/v2\/pages\/20\/revisions"}],"predecessor-version":[{"id":786,"href":"https:\/\/picotbigouden.com\/index.php\/wp-json\/wp\/v2\/pages\/20\/revisions\/786"}],"wp:attachment":[{"href":"https:\/\/picotbigouden.com\/index.php\/wp-json\/wp\/v2\/media?parent=20"}],"wp:term":[{"taxonomy":"folder","embeddable":true,"href":"https:\/\/picotbigouden.com\/index.php\/wp-json\/wp\/v2\/folder?post=20"}],"curies":[{"name":"wp","href":"https:\/\/api.w.org\/{rel}","templated":true}]}}