{"id":188,"date":"2023-09-05T14:27:17","date_gmt":"2023-09-05T12:27:17","guid":{"rendered":"https:\/\/picotbigouden.com\/?page_id=188"},"modified":"2025-10-05T08:17:42","modified_gmt":"2025-10-05T06:17:42","slug":"bienvenue-a-linstitut-bigouden-des-dentelles-2","status":"publish","type":"page","link":"https:\/\/picotbigouden.com\/","title":{"rendered":"Bienvenue \u00e0 l\u2019INSTITUT BIGOUDEN DES DENTELLES"},"content":{"rendered":"\n<p class=\"has-text-align-left\"><strong>Nous vous proposons de partir \u00e0 la d\u00e9couverte du Picot Bigouden et de la Dentelle d\u2019Irlande.<\/strong><\/p>\n\n\n\n<p><strong>Notre association a pour but de promouvoir et valoriser la Dentelle traditionnelle du pays bigouden, au moyen de cours, stages, publications et expositions, avec, en compl\u00e9ment, un travail de cr\u00e9ation et de recherche visant \u00e0 rassembler et valoriser le patrimoine existant et susciter ainsi de nouvelles vocations.<\/strong><\/p>\n\n\n\n<p><\/p>\n\n\n\n<p><\/p>\n\n\n\n<p><\/p>\n","protected":false},"excerpt":{"rendered":"<p>Nous vous proposons de partir \u00e0 la d\u00e9couverte du Picot Bigouden et de la Dentelle d\u2019Irlande. Notre association a pour but de promouvoir et valoriser la Dentelle traditionnelle du pays bigouden, au moyen de cours, stages, publications et expositions, avec, en compl\u00e9ment, un travail de cr\u00e9ation et de recherche visant \u00e0 rassembler et valoriser le patrimoine existant et susciter ainsi de nouvelles vocations.<\/p>\n","protected":false},"author":1,"featured_media":0,"parent":0,"menu_order":0,"comment_status":"closed","ping_status":"closed","template":"","meta":{"footnotes":""},"folder":[],"class_list":["post-188","page","type-page","status-publish","hentry"],"jetpack_sharing_enabled":true,"_links":{"self":[{"href":"https:\/\/picotbigouden.com\/index.php\/wp-json\/wp\/v2\/pages\/188","targetHints":{"allow":["GET"]}}],"collection":[{"href":"https:\/\/picotbigouden.com\/index.php\/wp-json\/wp\/v2\/pages"}],"about":[{"href":"https:\/\/picotbigouden.com\/index.php\/wp-json\/wp\/v2\/types\/page"}],"author":[{"embeddable":true,"href":"https:\/\/picotbigouden.com\/index.php\/wp-json\/wp\/v2\/users\/1"}],"replies":[{"embeddable":true,"href":"https:\/\/picotbigouden.com\/index.php\/wp-json\/wp\/v2\/comments?post=188"}],"version-history":[{"count":8,"href":"https:\/\/picotbigouden.com\/index.php\/wp-json\/wp\/v2\/pages\/188\/revisions"}],"predecessor-version":[{"id":777,"href":"https:\/\/picotbigouden.com\/index.php\/wp-json\/wp\/v2\/pages\/188\/revisions\/777"}],"wp:attachment":[{"href":"https:\/\/picotbigouden.com\/index.php\/wp-json\/wp\/v2\/media?parent=188"}],"wp:term":[{"taxonomy":"folder","embeddable":true,"href":"https:\/\/picotbigouden.com\/index.php\/wp-json\/wp\/v2\/folder?post=188"}],"curies":[{"name":"wp","href":"https:\/\/api.w.org\/{rel}","templated":true}]}}